{"id":7888,"date":"2015-03-13T11:22:09","date_gmt":"2015-03-13T10:22:09","guid":{"rendered":"https:\/\/kramik.be\/?page_id=7888"},"modified":"2025-06-06T16:06:17","modified_gmt":"2025-06-06T15:06:17","slug":"services","status":"publish","type":"page","link":"https:\/\/kramik.be\/en\/services\/","title":{"rendered":"Services"},"content":{"rendered":"<div class=\"wpb-content-wrapper\"><p>[vc_row css=&#8221;.vc_custom_1737455951241{margin-top: 2% !important;margin-bottom: 2% !important;}&#8221;][vc_column reveal_effect=&#8221;fadeIn&#8221; reveal_duration=&#8221;0.7&#8243;][lab_heading title=&#8221;Our Services&#8221; css=&#8221;.vc_custom_1749222371752{margin-bottom: 5% !important;}&#8221;]Notre force r\u00e9side dans la cr\u00e9ativit\u00e9 de nos r\u00e9alisations, la diversit\u00e9 de nos projets, notre proximit\u00e9 et notre r\u00e9activit\u00e9.<br \/>\nNous sommes \u00e0 l\u2019\u00e9coute de nos clients, nous aimons relever leurs d\u00e9fis et leur fournir un service de qualit\u00e9.<\/p>\n<p>Client\u00e8le qui se compose aussi bien de petits commerces de proximit\u00e9, de pme ou de grandes entreprises&#8230;<\/p>\n<p>Tout cela se fait en \u00e9troite collaboration avec nos fournisseurs (copy, journaliste, imprimeurs,\u2026) qui connaissent notre niveau d\u2019exigence et mettent tout en \u0153uvre pour atteindre un r\u00e9sultat irr\u00e9prochable<br \/>\n[\/lab_heading][\/vc_column][\/vc_row][vc_row css=&#8221;.vc_custom_1426246378123{margin-bottom: 0px !important;}&#8221;][vc_column width=&#8221;1\/2&#8243; reveal_effect=&#8221;fadeIn&#8221; reveal_duration=&#8221;1&#8243; css=&#8221;.vc_custom_1427234139084{margin-right: 0px !important;padding-right: 0px !important;}&#8221;][lab_service_box css=&#8221;.vc_custom_1737382338113{padding-top: 45px !important;padding-right: 45px !important;padding-bottom: 45px !important;padding-left: 45px !important;background-color: #FFFFFF61 !important;}&#8221;][vc_icon icon_linea=&#8221;icon-basic-paperplane&#8221; color=&#8221;custom&#8221; size=&#8221;xl&#8221; css=&#8221;&#8221; custom_color=&#8221;#FE4E46&#8243;][lab_service_box_content title=&#8221;Cr\u00e9ativit\u00e9&#8221; description=&#8221;Notre force r\u00e9side dans la cr\u00e9ativit\u00e9 et<br \/>\nla diversit\u00e9 graphiques.&#8221;][\/lab_service_box][\/vc_column][vc_column width=&#8221;1\/2&#8243; reveal_effect=&#8221;fadeIn&#8221; reveal_duration=&#8221;1&#8243;][lab_service_box css=&#8221;.vc_custom_1427234469550{padding-top: 45px !important;padding-right: 45px !important;padding-bottom: 45px !important;padding-left: 45px !important;}&#8221;][vc_icon icon_linea=&#8221;icon-music-headphones&#8221; color=&#8221;custom&#8221; size=&#8221;xl&#8221; css=&#8221;&#8221; custom_color=&#8221;#FE4E46&#8243;][lab_service_box_content title=&#8221;Ecoute&#8221; description=&#8221;R\u00e9pondre \u00e0 vos attentes et d\u00e9velopper<br \/>\nune communication qui vous ressemble.&#8221;][\/lab_service_box][\/vc_column][\/vc_row][vc_row css=&#8221;.vc_custom_1426246378123{margin-bottom: 0px !important;}&#8221;][vc_column width=&#8221;1\/2&#8243; reveal_effect=&#8221;fadeIn&#8221; reveal_duration=&#8221;1&#8243;][lab_service_box css=&#8221;.vc_custom_1427234469550{padding-top: 45px !important;padding-right: 45px !important;padding-bottom: 45px !important;padding-left: 45px !important;}&#8221;][vc_icon icon_linea=&#8221;icon-music-diapason&#8221; color=&#8221;custom&#8221; size=&#8221;xl&#8221; css=&#8221;&#8221; custom_color=&#8221;#FE4E46&#8243;][lab_service_box_content title=&#8221;Dynamique&#8221; description=&#8221;Dynamiser votre image avec des solutions originales<br \/>\net innovantes.&#8221;][\/lab_service_box][\/vc_column][vc_column width=&#8221;1\/2&#8243; reveal_effect=&#8221;fadeIn&#8221; reveal_duration=&#8221;1&#8243; css=&#8221;.vc_custom_1427234139084{margin-right: 0px !important;padding-right: 0px !important;}&#8221;][lab_service_box css=&#8221;.vc_custom_1737382346078{padding-top: 45px !important;padding-right: 45px !important;padding-bottom: 45px !important;padding-left: 45px !important;background-color: #FFFFFF61 !important;}&#8221;][vc_icon icon_linea=&#8221;icon-basic-heart&#8221; color=&#8221;custom&#8221; size=&#8221;xl&#8221; css=&#8221;&#8221; custom_color=&#8221;#FE4E46&#8243;][lab_service_box_content title=&#8221;Exclusivit\u00e9&#8221; description=&#8221;Un service de proximit\u00e9: vous \u00eates en contact direct avec<br \/>\nle graphiste charg\u00e9 de votre communication&#8221;][\/lab_service_box][\/vc_column][\/vc_row][vc_row css=&#8221;.vc_custom_1426246378123{margin-bottom: 0px !important;}&#8221;][vc_column width=&#8221;1\/2&#8243; reveal_effect=&#8221;fadeIn&#8221; reveal_duration=&#8221;1&#8243; css=&#8221;.vc_custom_1427234139084{margin-right: 0px !important;padding-right: 0px !important;}&#8221;][lab_service_box css=&#8221;.vc_custom_1737382353488{padding-top: 45px !important;padding-right: 45px !important;padding-bottom: 45px !important;padding-left: 45px !important;background-color: #FFFFFF61 !important;}&#8221;][vc_icon icon_linea=&#8221;icon-basic-geolocalize-05&#8243; color=&#8221;custom&#8221; size=&#8221;xl&#8221; css=&#8221;&#8221; custom_color=&#8221;#FE4E46&#8243;][lab_service_box_content title=&#8221;Suivis&#8221; description=&#8221;Nous suivons les projets depuis le briefing jusqu&#8217;\u00e0 la livraison<br \/>\ndes documents chez vous!&#8221;][\/lab_service_box][\/vc_column][vc_column width=&#8221;1\/2&#8243; reveal_effect=&#8221;fadeIn&#8221; reveal_duration=&#8221;1&#8243;][lab_service_box css=&#8221;.vc_custom_1427234469550{padding-top: 45px !important;padding-right: 45px !important;padding-bottom: 45px !important;padding-left: 45px !important;}&#8221;][vc_icon icon_linea=&#8221;icon-basic-share&#8221; color=&#8221;custom&#8221; size=&#8221;xl&#8221; css=&#8221;&#8221; custom_color=&#8221;#FE4E46&#8243;][lab_service_box_content title=&#8221;Partenaires&#8221; description=&#8221;Nos fournisseurs connaissent notre niveau d&#8217;exigence<br \/>\net mettent tout en oeuvre pour atteindre le r\u00e9sultat optimal.&#8221;][\/lab_service_box][\/vc_column][\/vc_row][vc_row css=&#8221;.vc_custom_1426246378123{margin-bottom: 0px !important;}&#8221;][vc_column width=&#8221;1\/2&#8243; reveal_effect=&#8221;fadeIn&#8221; reveal_duration=&#8221;1&#8243;][lab_service_box css=&#8221;.vc_custom_1427234469550{padding-top: 45px !important;padding-right: 45px !important;padding-bottom: 45px !important;padding-left: 45px !important;}&#8221;][vc_icon icon_linea=&#8221;icon-basic-cup&#8221; color=&#8221;custom&#8221; size=&#8221;xl&#8221; css=&#8221;&#8221; custom_color=&#8221;#FE4E46&#8243;][lab_service_box_content title=&#8221;Imbattable&#8221; description=&#8221;Des budgets incontournables et le respect des d\u00e9lais.&#8221;][\/lab_service_box][\/vc_column][vc_column width=&#8221;1\/2&#8243; reveal_effect=&#8221;fadeIn&#8221; reveal_duration=&#8221;1&#8243; css=&#8221;.vc_custom_1427234139084{margin-right: 0px !important;padding-right: 0px !important;}&#8221;][lab_service_box css=&#8221;.vc_custom_1737382362336{padding-top: 45px !important;padding-right: 45px !important;padding-bottom: 45px !important;padding-left: 45px !important;background-color: #FFFFFF61 !important;}&#8221;][vc_icon icon_linea=&#8221;icon-music-playlist&#8221; color=&#8221;custom&#8221; size=&#8221;xl&#8221; css=&#8221;&#8221; custom_color=&#8221;#FE4E46&#8243;][lab_service_box_content title=&#8221;Ambiance&#8221; description=&#8221;Nous travaillons dans une ambiance chaleureuse<br \/>\net professionnelle.&#8221;][\/lab_service_box][\/vc_column][\/vc_row][vc_row css=&#8221;.vc_custom_1726825733370{margin-top: 5% !important;margin-bottom: 5% !important;}&#8221;][vc_column width=&#8221;1\/6&#8243;][vc_icon icon_linea=&#8221;icon-basic-display&#8221; color=&#8221;custom&#8221; size=&#8221;lg&#8221; css=&#8221;&#8221; custom_color=&#8221;#1C00BF&#8221;][\/vc_column][vc_column width=&#8221;1\/6&#8243;][vc_icon icon_linea=&#8221;icon-basic-map&#8221; color=&#8221;custom&#8221; size=&#8221;lg&#8221; css=&#8221;&#8221; custom_color=&#8221;#1C00BF&#8221;][\/vc_column][vc_column width=&#8221;1\/6&#8243;][vc_icon icon_linea=&#8221;icon-basic-target&#8221; color=&#8221;custom&#8221; size=&#8221;lg&#8221; css=&#8221;&#8221; custom_color=&#8221;#1C00BF&#8221;][\/vc_column][vc_column width=&#8221;1\/6&#8243;][vc_icon icon_linea=&#8221;icon-basic-archive-full&#8221; color=&#8221;custom&#8221; size=&#8221;lg&#8221; css=&#8221;&#8221; custom_color=&#8221;#1C00BF&#8221;][\/vc_column][vc_column width=&#8221;1\/6&#8243;][vc_icon icon_linea=&#8221;icon-basic-message-txt&#8221; color=&#8221;custom&#8221; size=&#8221;lg&#8221; css=&#8221;&#8221; custom_color=&#8221;#1C00BF&#8221;][\/vc_column][vc_column width=&#8221;1\/6&#8243;][vc_icon icon_linea=&#8221;icon-basic-calendar&#8221; color=&#8221;custom&#8221; size=&#8221;lg&#8221; css=&#8221;&#8221; custom_color=&#8221;#1C00BF&#8221;][\/vc_column][\/vc_row]<\/p>\n<\/div>","protected":false},"excerpt":{"rendered":"<p>[vc_row css=&#8221;.vc_custom_1737455951241{margin-top: 2% !important;margin-bottom: 2% !important;}&#8221;][vc_column reveal_effect=&#8221;fadeIn&#8221; reveal_duration=&#8221;0.7&#8243;][lab_heading title=&#8221;Our Services&#8221; css=&#8221;.vc_custom_1749222371752{margin-bottom: 5% !important;}&#8221;]Notre force r\u00e9side dans la cr\u00e9ativit\u00e9 de nos r\u00e9alisations, la diversit\u00e9 de nos projets, notre proximit\u00e9 et notre r\u00e9activit\u00e9. Nous sommes \u00e0 l\u2019\u00e9coute de nos clients, nous aimons relever leurs d\u00e9fis et leur fournir un service de qualit\u00e9. Client\u00e8le qui se compose aussi&hellip;<\/p>\n","protected":false},"author":1,"featured_media":0,"parent":0,"menu_order":0,"comment_status":"closed","ping_status":"closed","template":"","meta":{"_acf_changed":false,"footnotes":""},"class_list":["post-7888","page","type-page","status-publish","hentry"],"acf":[],"yoast_head":"<!-- This site is optimized with the Yoast SEO plugin v27.3 - https:\/\/yoast.com\/product\/yoast-seo-wordpress\/ -->\n<title>Services - Kramik design<\/title>\n<meta name=\"robots\" content=\"index, follow, max-snippet:-1, max-image-preview:large, max-video-preview:-1\" \/>\n<link rel=\"canonical\" href=\"https:\/\/kramik.be\/en\/services\/\" \/>\n<meta property=\"og:locale\" content=\"en_US\" \/>\n<meta property=\"og:type\" content=\"article\" \/>\n<meta property=\"og:title\" content=\"Services - Kramik design\" \/>\n<meta property=\"og:description\" content=\"[vc_row css=&#8221;.vc_custom_1737455951241{margin-top: 2% !important;margin-bottom: 2% !important;}&#8221;][vc_column reveal_effect=&#8221;fadeIn&#8221; reveal_duration=&#8221;0.7&#8243;][lab_heading title=&#8221;Our Services&#8221; css=&#8221;.vc_custom_1749222371752{margin-bottom: 5% !important;}&#8221;]Notre force r\u00e9side dans la cr\u00e9ativit\u00e9 de nos r\u00e9alisations, la diversit\u00e9 de nos projets, notre proximit\u00e9 et notre r\u00e9activit\u00e9. Nous sommes \u00e0 l\u2019\u00e9coute de nos clients, nous aimons relever leurs d\u00e9fis et leur fournir un service de qualit\u00e9. Client\u00e8le qui se compose aussi&hellip;\" \/>\n<meta property=\"og:url\" content=\"https:\/\/kramik.be\/en\/services\/\" \/>\n<meta property=\"og:site_name\" content=\"Kramik design\" \/>\n<meta property=\"article:modified_time\" content=\"2025-06-06T15:06:17+00:00\" \/>\n<meta name=\"twitter:card\" content=\"summary_large_image\" \/>\n<meta name=\"twitter:label1\" content=\"Est. reading time\" \/>\n\t<meta name=\"twitter:data1\" content=\"3 minutes\" \/>\n<script type=\"application\/ld+json\" class=\"yoast-schema-graph\">{\"@context\":\"https:\\\/\\\/schema.org\",\"@graph\":[{\"@type\":\"WebPage\",\"@id\":\"https:\\\/\\\/kramik.be\\\/en\\\/services\\\/\",\"url\":\"https:\\\/\\\/kramik.be\\\/en\\\/services\\\/\",\"name\":\"Services - Kramik design\",\"isPartOf\":{\"@id\":\"https:\\\/\\\/kramik.be\\\/en\\\/#website\"},\"datePublished\":\"2015-03-13T10:22:09+00:00\",\"dateModified\":\"2025-06-06T15:06:17+00:00\",\"breadcrumb\":{\"@id\":\"https:\\\/\\\/kramik.be\\\/en\\\/services\\\/#breadcrumb\"},\"inLanguage\":\"en-US\",\"potentialAction\":[{\"@type\":\"ReadAction\",\"target\":[\"https:\\\/\\\/kramik.be\\\/en\\\/services\\\/\"]}]},{\"@type\":\"BreadcrumbList\",\"@id\":\"https:\\\/\\\/kramik.be\\\/en\\\/services\\\/#breadcrumb\",\"itemListElement\":[{\"@type\":\"ListItem\",\"position\":1,\"name\":\"Accueil\",\"item\":\"https:\\\/\\\/kramik.be\\\/en\\\/\"},{\"@type\":\"ListItem\",\"position\":2,\"name\":\"Services\"}]},{\"@type\":\"WebSite\",\"@id\":\"https:\\\/\\\/kramik.be\\\/en\\\/#website\",\"url\":\"https:\\\/\\\/kramik.be\\\/en\\\/\",\"name\":\"Kramik design\",\"description\":\"Agence de communication\",\"publisher\":{\"@id\":\"https:\\\/\\\/kramik.be\\\/en\\\/#organization\"},\"potentialAction\":[{\"@type\":\"SearchAction\",\"target\":{\"@type\":\"EntryPoint\",\"urlTemplate\":\"https:\\\/\\\/kramik.be\\\/en\\\/?s={search_term_string}\"},\"query-input\":{\"@type\":\"PropertyValueSpecification\",\"valueRequired\":true,\"valueName\":\"search_term_string\"}}],\"inLanguage\":\"en-US\"},{\"@type\":\"Organization\",\"@id\":\"https:\\\/\\\/kramik.be\\\/en\\\/#organization\",\"name\":\"Kramik design\",\"url\":\"https:\\\/\\\/kramik.be\\\/en\\\/\",\"logo\":{\"@type\":\"ImageObject\",\"inLanguage\":\"en-US\",\"@id\":\"https:\\\/\\\/kramik.be\\\/en\\\/#\\\/schema\\\/logo\\\/image\\\/\",\"url\":\"https:\\\/\\\/kramik.be\\\/wp-content\\\/uploads\\\/2025\\\/06\\\/logo-kramik-2025.svg\",\"contentUrl\":\"https:\\\/\\\/kramik.be\\\/wp-content\\\/uploads\\\/2025\\\/06\\\/logo-kramik-2025.svg\",\"width\":563,\"height\":187,\"caption\":\"Kramik design\"},\"image\":{\"@id\":\"https:\\\/\\\/kramik.be\\\/en\\\/#\\\/schema\\\/logo\\\/image\\\/\"},\"sameAs\":[\"https:\\\/\\\/www.linkedin.com\\\/company\\\/kramiksrl\"]}]}<\/script>\n<!-- \/ Yoast SEO plugin. -->","yoast_head_json":{"title":"Services - Kramik design","robots":{"index":"index","follow":"follow","max-snippet":"max-snippet:-1","max-image-preview":"max-image-preview:large","max-video-preview":"max-video-preview:-1"},"canonical":"https:\/\/kramik.be\/en\/services\/","og_locale":"en_US","og_type":"article","og_title":"Services - Kramik design","og_description":"[vc_row css=&#8221;.vc_custom_1737455951241{margin-top: 2% !important;margin-bottom: 2% !important;}&#8221;][vc_column reveal_effect=&#8221;fadeIn&#8221; reveal_duration=&#8221;0.7&#8243;][lab_heading title=&#8221;Our Services&#8221; css=&#8221;.vc_custom_1749222371752{margin-bottom: 5% !important;}&#8221;]Notre force r\u00e9side dans la cr\u00e9ativit\u00e9 de nos r\u00e9alisations, la diversit\u00e9 de nos projets, notre proximit\u00e9 et notre r\u00e9activit\u00e9. Nous sommes \u00e0 l\u2019\u00e9coute de nos clients, nous aimons relever leurs d\u00e9fis et leur fournir un service de qualit\u00e9. Client\u00e8le qui se compose aussi&hellip;","og_url":"https:\/\/kramik.be\/en\/services\/","og_site_name":"Kramik design","article_modified_time":"2025-06-06T15:06:17+00:00","twitter_card":"summary_large_image","twitter_misc":{"Est. reading time":"3 minutes"},"schema":{"@context":"https:\/\/schema.org","@graph":[{"@type":"WebPage","@id":"https:\/\/kramik.be\/en\/services\/","url":"https:\/\/kramik.be\/en\/services\/","name":"Services - Kramik design","isPartOf":{"@id":"https:\/\/kramik.be\/en\/#website"},"datePublished":"2015-03-13T10:22:09+00:00","dateModified":"2025-06-06T15:06:17+00:00","breadcrumb":{"@id":"https:\/\/kramik.be\/en\/services\/#breadcrumb"},"inLanguage":"en-US","potentialAction":[{"@type":"ReadAction","target":["https:\/\/kramik.be\/en\/services\/"]}]},{"@type":"BreadcrumbList","@id":"https:\/\/kramik.be\/en\/services\/#breadcrumb","itemListElement":[{"@type":"ListItem","position":1,"name":"Accueil","item":"https:\/\/kramik.be\/en\/"},{"@type":"ListItem","position":2,"name":"Services"}]},{"@type":"WebSite","@id":"https:\/\/kramik.be\/en\/#website","url":"https:\/\/kramik.be\/en\/","name":"Kramik design","description":"Agence de communication","publisher":{"@id":"https:\/\/kramik.be\/en\/#organization"},"potentialAction":[{"@type":"SearchAction","target":{"@type":"EntryPoint","urlTemplate":"https:\/\/kramik.be\/en\/?s={search_term_string}"},"query-input":{"@type":"PropertyValueSpecification","valueRequired":true,"valueName":"search_term_string"}}],"inLanguage":"en-US"},{"@type":"Organization","@id":"https:\/\/kramik.be\/en\/#organization","name":"Kramik design","url":"https:\/\/kramik.be\/en\/","logo":{"@type":"ImageObject","inLanguage":"en-US","@id":"https:\/\/kramik.be\/en\/#\/schema\/logo\/image\/","url":"https:\/\/kramik.be\/wp-content\/uploads\/2025\/06\/logo-kramik-2025.svg","contentUrl":"https:\/\/kramik.be\/wp-content\/uploads\/2025\/06\/logo-kramik-2025.svg","width":563,"height":187,"caption":"Kramik design"},"image":{"@id":"https:\/\/kramik.be\/en\/#\/schema\/logo\/image\/"},"sameAs":["https:\/\/www.linkedin.com\/company\/kramiksrl"]}]}},"_links":{"self":[{"href":"https:\/\/kramik.be\/en\/wp-json\/wp\/v2\/pages\/7888","targetHints":{"allow":["GET"]}}],"collection":[{"href":"https:\/\/kramik.be\/en\/wp-json\/wp\/v2\/pages"}],"about":[{"href":"https:\/\/kramik.be\/en\/wp-json\/wp\/v2\/types\/page"}],"author":[{"embeddable":true,"href":"https:\/\/kramik.be\/en\/wp-json\/wp\/v2\/users\/1"}],"replies":[{"embeddable":true,"href":"https:\/\/kramik.be\/en\/wp-json\/wp\/v2\/comments?post=7888"}],"version-history":[{"count":2,"href":"https:\/\/kramik.be\/en\/wp-json\/wp\/v2\/pages\/7888\/revisions"}],"predecessor-version":[{"id":7900,"href":"https:\/\/kramik.be\/en\/wp-json\/wp\/v2\/pages\/7888\/revisions\/7900"}],"wp:attachment":[{"href":"https:\/\/kramik.be\/en\/wp-json\/wp\/v2\/media?parent=7888"}],"curies":[{"name":"wp","href":"https:\/\/api.w.org\/{rel}","templated":true}]}}